{"id":2522,"date":"2024-10-29T16:30:31","date_gmt":"2024-10-29T16:30:31","guid":{"rendered":"https:\/\/shreditsnowboarding.com\/?post_type=product&#038;p=2522"},"modified":"2025-11-20T17:53:00","modified_gmt":"2025-11-20T17:53:00","slug":"full-day-off-piste-guiding","status":"publish","type":"product","link":"https:\/\/shreditsnowboarding.com\/fr\/produit\/full-day-off-piste-guiding\/","title":{"rendered":"Journ\u00e9e Compl\u00e8te Hors-Piste"},"content":{"rendered":"","protected":false},"excerpt":{"rendered":"<ul class=\"ul1\">\n<li>D\u00e9part des cours: Tignes<\/li>\n<li>9:00 - 16:00 avec pause d\u00e9jeuner<\/li>\n<li>A partir de 12 ans<\/li>\n<li>Snowboard \/ Splitboard<\/li>\n<li>Niveau interm\u00e9diaire ou confirm\u00e9<\/li>\n<li class=\"li1\">Prix indiqu\u00e9 pour 1 \u00e0 4 participants<\/li>\n<li class=\"li1\">20\u20ac par personne suppl\u00e9mentaire (max 6 partecipants)<\/li>\n<\/ul>\n<p>vous vivrez l'exp\u00e9rience unique d'\u00eatre film\u00e9 par un drone et je cr\u00e9erai un mini-montage spectaculaire de votre aventure, inclus dans le prix (si la meteo le permet).<\/p>\n<p><em>Les prix indiqu\u00e9s sont \u00ab \u00e0 partir de \u00bb, car ils peuvent varier en fonction de la p\u00e9riode de l'ann\u00e9e (basse \/ moyenne \/ haute saison).<\/em><\/p>","protected":false},"featured_media":2523,"template":"","meta":{"om_disable_all_campaigns":false,"_monsterinsights_skip_tracking":false,"_monsterinsights_sitenote_active":false,"_monsterinsights_sitenote_note":"","_monsterinsights_sitenote_category":0},"etheme_brands":[],"product_brand":[],"product_cat":[94,91],"product_tag":[],"class_list":{"0":"post-2522","1":"product","2":"type-product","3":"status-publish","4":"has-post-thumbnail","6":"product_cat-off-piste-splitboard","7":"product_cat-tignes","9":"first","10":"instock","11":"virtual","12":"sold-individually","13":"purchasable","14":"product-type-booking"},"booking_location":"","booking_location_type":"","booking_duration":7,"booking_duration_unit":"hour","booking_buffer":0,"booking_cost":589,"booking_resources":[2386],"aioseo_notices":[],"_links":{"self":[{"href":"https:\/\/shreditsnowboarding.com\/fr\/wp-json\/wp\/v2\/product\/2522","targetHints":{"allow":["GET"]}}],"collection":[{"href":"https:\/\/shreditsnowboarding.com\/fr\/wp-json\/wp\/v2\/product"}],"about":[{"href":"https:\/\/shreditsnowboarding.com\/fr\/wp-json\/wp\/v2\/types\/product"}],"version-history":[{"count":6,"href":"https:\/\/shreditsnowboarding.com\/fr\/wp-json\/wp\/v2\/product\/2522\/revisions"}],"predecessor-version":[{"id":2873,"href":"https:\/\/shreditsnowboarding.com\/fr\/wp-json\/wp\/v2\/product\/2522\/revisions\/2873"}],"wp:featuredmedia":[{"embeddable":true,"href":"https:\/\/shreditsnowboarding.com\/fr\/wp-json\/wp\/v2\/media\/2523"}],"wp:attachment":[{"href":"https:\/\/shreditsnowboarding.com\/fr\/wp-json\/wp\/v2\/media?parent=2522"}],"wp:term":[{"taxonomy":"brand","embeddable":true,"href":"https:\/\/shreditsnowboarding.com\/fr\/wp-json\/wp\/v2\/etheme_brands?post=2522"},{"taxonomy":"product_brand","embeddable":true,"href":"https:\/\/shreditsnowboarding.com\/fr\/wp-json\/wp\/v2\/product_brand?post=2522"},{"taxonomy":"product_cat","embeddable":true,"href":"https:\/\/shreditsnowboarding.com\/fr\/wp-json\/wp\/v2\/product_cat?post=2522"},{"taxonomy":"product_tag","embeddable":true,"href":"https:\/\/shreditsnowboarding.com\/fr\/wp-json\/wp\/v2\/product_tag?post=2522"}],"curies":[{"name":"wp","href":"https:\/\/api.w.org\/{rel}","templated":true}]}}